{"id":1810,"date":"2025-02-27T09:19:54","date_gmt":"2025-02-27T09:19:54","guid":{"rendered":"https:\/\/www.blmastery.nl\/ponte-en-contacto-con\/"},"modified":"2025-03-06T08:50:56","modified_gmt":"2025-03-06T08:50:56","slug":"ponte-en-contacto-con","status":"publish","type":"page","link":"https:\/\/www.blmastery.nl\/es\/ponte-en-contacto-con\/","title":{"rendered":"Ponte en contacto con"},"content":{"rendered":"<div class=\"wpb-content-wrapper\"><p>[vc_row full_width=\u00bbstretch_row_content_no_spaces\u00bb content_placement=\u00bbmiddle\u00bb css=\u00bb.vc_custom_1740651481313{margin-top: -70px !important;margin-bottom: 0px !important;padding-top: 0px !important;padding-bottom: 0px !important;background-position: 0 0 !important;background-repeat: no-repeat !important;}\u00bb row_title=\u00bbbeginblok\u00bb][vc_column css=\u00bb.vc_custom_1548409464290{margin-top: 0px !important;margin-bottom: 0px !important;padding-top: 0px !important;padding-bottom: 0px !important;}\u00bb el_class=\u00bbbig-index-block\u00bb]<div id=\"fullwidth-block-69e1977cecb83\" class=\"fullwidth-block clearfix\"  style=\"\"><script type=\"text\/javascript\">if (typeof(gem_fix_fullwidth_position) == \"function\") { gem_fix_fullwidth_position(document.getElementById(\"fullwidth-block-69e1977cecb83\")); }<\/script><div class=\"fullwidth-block-inner\"><div class=\"container\"><div class=\"clearboth\"><\/div><style>#thegem-divider-69e1977cecc0c {margin-top: 70px !important;}@media screen and (max-width: 1023px) and (min-width: 768px) {#thegem-divider-69e1977cecc0c {display: none;}}@media screen and (max-width: 767px) {#thegem-divider-69e1977cecc0c {display: none;}}<\/style><div id=\"thegem-divider-69e1977cecc0c\" class=\"gem-divider  \" style=\"\" ><\/div><div class=\"thegem-te-heading thegem-custom-69e1977cece072062\" ><script type=\"text\/javascript\">(function() {function TheGemHeading() {this.animateClass = 'thegem-heading-animate';this.animatedClass = 'thegem-heading-animated';}TheGemHeading.prototype = {initialize: function () {let items =document.querySelectorAll('.'+this.animateClass);items.forEach((item)=>{if (this.isElementVisible(item)) {this.prepareAnimation(item);this.startAnimation(item);}});if ('IntersectionObserver' in window) {let intersectionObserver = new IntersectionObserver((entries)=>{entries.forEach((entry)=> {if (entry.isIntersecting) {this.startAnimation(entry.target);intersectionObserver.unobserve(entry.target);}});});items.forEach((item)=>{intersectionObserver.observe(item);this.prepareAnimation(item);});} else {items.forEach((item)=>{this.prepareAnimation(item);this.startAnimation(item);});}},isElementVisible: function (element) {let rect= element.getBoundingClientRect(),width= window.innerWidth || document.documentElement.clientWidth,height = window.innerHeight || document.documentElement.clientHeight,efp= (x, y) => document.elementFromPoint(x, y);if (rect.right < 0 || rect.bottom < 0 || rect.left > width || rect.top > height) return false;return (element.contains(efp(rect.left,rect.top)) ||element.contains(efp(rect.right, rect.top)) ||element.contains(efp(rect.right, rect.bottom)) ||element.contains(efp(rect.left,rect.bottom)));},startAnimation: function (element) {if (element && !element.classList.contains(this.animatedClass)) {element.classList.add(this.animatedClass);element.classList.remove(this.animateClass);element.dispatchEvent(new Event('theGemHeading.startAnimation', {bubbles: true}));}},prepareAnimation: function (element) {if (element && !element.isPreparedAnimation) {element.dispatchEvent(new Event('theGemHeading.prepareAnimation', {bubbles: true}));element.isPreparedAnimation = true;}}};window.theGemHeading = new TheGemHeading();document.addEventListener('DOMContentLoaded', function() {window.theGemHeading.initialize();});})();<\/script><div id=\"thegem-heading-69e1977cecd1c\" class=\"thegem-heading title-h2 fade-lr thegem-heading-animate\" style=\"text-align: left;\" ><span class=\"colored\" style=\"color: #000000;\">Ponte en contacto con<\/span><\/div><style type=\"text\/css\">#thegem-heading-69e1977cecd1c {margin: 0;}#thegem-heading-69e1977cecd1c {animation-timing-function: cubic-bezier(0.77,0,0.175,1);}#thegem-heading-69e1977cecd1c a:hover, #thegem-heading-69e1977cecd1c a:hover span.colored {color: var(--thegem-to-menu-level1-color-hover, #00BCD4) !important;}<\/style><\/div><style>@media screen and (max-width: 1023px) {.thegem-te-heading.thegem-custom-69e1977cece072062{display: block!important;}}@media screen and (max-width: 767px) {.thegem-te-heading.thegem-custom-69e1977cece072062{display: block!important;}}@media screen and (max-width: 1023px) {.thegem-te-heading.thegem-custom-69e1977cece072062{position: relative !important;}}@media screen and (max-width: 767px) {.thegem-te-heading.thegem-custom-69e1977cece072062{position: relative !important;}}<\/style>[vc_column_text css=\u00bb\u00bb]\u00bfTienes preguntas sobre los distintos cursos de formaci\u00f3n que ofrecemos o quieres m\u00e1s informaci\u00f3n?<br \/>\nNo lo dudes y ponte en contacto con Katherin Monsalves.[\/vc_column_text]<style type=\"text\/css\">.thegem-button-69e1977cecf171703 .gem-button {opacity:0;animation-delay:500ms !important;animation-timing-function:cubic-bezier(0.77,0,0.175,1) !important}<\/style><style type=\"text\/css\">.thegem-button-69e1977cecf171703 .gem-button svg {fill: #FFFFFF;}.thegem-button-69e1977cecf171703 .gem-button:hover svg {fill: #ffffff;}<\/style><div class=\"gem-button-container gem-button-position-left thegem-button-69e1977cecf171703     thegem-button-animate thegem-button-animation-fade-left\"  ><a class=\"gem-button gem-button-size-small gem-button-style-flat gem-button-text-weight-thin gem-button-icon-position-left\" style=\"border-radius: 0px;background-color: #EA571C;color: #FFFFFF;\" onmouseleave=\"this.style.backgroundColor='#EA571C';this.style.color='#FFFFFF';\" onmouseenter=\"this.style.backgroundColor='#333333';this.style.color='#ffffff';\" href=\"tel:31650864454\" target=\"_self\"><i class=\"gem-print-icon gem-icon-pack-material \">&#xf477;<\/i>06-50864454<\/a><\/div> <style type=\"text\/css\">.thegem-button-69e1977cecfc75108 .gem-button {opacity:0;animation-delay:500ms !important;animation-timing-function:cubic-bezier(0.77,0,0.175,1) !important}<\/style><style type=\"text\/css\">.thegem-button-69e1977cecfc75108 .gem-button svg {fill: #FFFFFF;}.thegem-button-69e1977cecfc75108 .gem-button:hover svg {fill: #ffffff;}<\/style><div class=\"gem-button-container gem-button-position-left thegem-button-69e1977cecfc75108     thegem-button-animate thegem-button-animation-fade-left\"  ><a class=\"gem-button gem-button-size-small gem-button-style-flat gem-button-text-weight-thin gem-button-icon-position-left\" style=\"border-radius: 0px;background-color: #EA571C;color: #FFFFFF;\" onmouseleave=\"this.style.backgroundColor='#EA571C';this.style.color='#FFFFFF';\" onmouseenter=\"this.style.backgroundColor='#333333';this.style.color='#ffffff';\" href=\"https:\/\/wa.me\/31650864454\" target=\"_self\"><i class=\"gem-print-icon gem-icon-pack-material \">&#xf5d5;<\/i>06-50864454<\/a><\/div> <style type=\"text\/css\">.thegem-button-69e1977ced04d2415 .gem-button {opacity:0;animation-delay:500ms !important;animation-timing-function:cubic-bezier(0.77,0,0.175,1) !important}<\/style><style type=\"text\/css\">.thegem-button-69e1977ced04d2415 .gem-button svg {fill: #FFFFFF;}.thegem-button-69e1977ced04d2415 .gem-button:hover svg {fill: #ffffff;}<\/style><div class=\"gem-button-container gem-button-position-left thegem-button-69e1977ced04d2415     thegem-button-animate thegem-button-animation-fade-left\"  ><a class=\"gem-button gem-button-size-small gem-button-style-flat gem-button-text-weight-thin gem-button-icon-position-left\" style=\"border-radius: 0px;background-color: #EA571C;color: #FFFFFF;\" onmouseleave=\"this.style.backgroundColor='#EA571C';this.style.color='#FFFFFF';\" onmouseenter=\"this.style.backgroundColor='#333333';this.style.color='#ffffff';\" href=\"mailto:info@blmastery.nl\" target=\"_self\"><i class=\"gem-print-icon gem-icon-pack-thegem-header \">&#xe724;<\/i>info@blmastery.nl<\/a><\/div> <div class=\"clearboth\"><\/div><style>#thegem-divider-69e1977ced08d {margin-top: 50px !important;}@media screen and (max-width: 767px) {#thegem-divider-69e1977ced08d {display: none;}}<\/style><div id=\"thegem-divider-69e1977ced08d\" class=\"gem-divider  \" style=\"\" ><\/div><div class=\"thegem-te-heading thegem-custom-69e1977ced1812540\" ><div id=\"thegem-heading-69e1977ced14d\" class=\"thegem-heading title-h2 fade-lr thegem-heading-animate\" style=\"text-align: left;\" ><span class=\"colored\" style=\"color: #000000;\">Inscripci\u00f3n Programa\/Formaci\u00f3n<\/span><\/div><style type=\"text\/css\">#thegem-heading-69e1977ced14d {margin: 0;}#thegem-heading-69e1977ced14d {animation-timing-function: cubic-bezier(0.77,0,0.175,1);}#thegem-heading-69e1977ced14d a:hover, #thegem-heading-69e1977ced14d a:hover span.colored {color: var(--thegem-to-menu-level1-color-hover, #00BCD4) !important;}<\/style><\/div><style>@media screen and (max-width: 1023px) {.thegem-te-heading.thegem-custom-69e1977ced1812540{display: block!important;}}@media screen and (max-width: 767px) {.thegem-te-heading.thegem-custom-69e1977ced1812540{display: block!important;}}@media screen and (max-width: 1023px) {.thegem-te-heading.thegem-custom-69e1977ced1812540{position: relative !important;}}@media screen and (max-width: 767px) {.thegem-te-heading.thegem-custom-69e1977ced1812540{position: relative !important;}}<\/style><\/div><\/div><\/div>[\/vc_column][\/vc_row][vc_row][vc_column]\n<div class=\"wpcf7 no-js\" id=\"wpcf7-f1817-o1\" lang=\"es-ES\" dir=\"ltr\" data-wpcf7-id=\"1817\">\n<div class=\"screen-reader-response\"><p role=\"status\" aria-live=\"polite\" aria-atomic=\"true\"><\/p> <ul><\/ul><\/div>\n<form action=\"\/es\/wp-json\/wp\/v2\/pages\/1810#wpcf7-f1817-o1\" method=\"post\" class=\"wpcf7-form init\" aria-label=\"Formulario de contacto\" novalidate=\"novalidate\" data-status=\"init\">\n<fieldset class=\"hidden-fields-container\"><input type=\"hidden\" name=\"_wpcf7\" value=\"1817\" \/><input type=\"hidden\" name=\"_wpcf7_version\" value=\"6.1.5\" \/><input type=\"hidden\" name=\"_wpcf7_locale\" value=\"es_ES\" \/><input type=\"hidden\" name=\"_wpcf7_unit_tag\" value=\"wpcf7-f1817-o1\" \/><input type=\"hidden\" name=\"_wpcf7_container_post\" value=\"0\" \/><input type=\"hidden\" name=\"_wpcf7_posted_data_hash\" value=\"\" \/><input type=\"hidden\" name=\"_wpcf7_recaptcha_response\" value=\"\" \/>\n<\/fieldset>\n<div class=\"contact-form row\">\n\n\t<div class=\"form-line col-lg-4 col-md-4 col-xs-12\"><div class=\"gem-form-icon-name\"><span class=\"wpcf7-form-control-wrap\" data-name=\"your-name\"><input size=\"40\" maxlength=\"400\" class=\"wpcf7-form-control wpcf7-text wpcf7-validates-as-required\" aria-required=\"true\" aria-invalid=\"false\" placeholder=\"Nombre*.\" value=\"\" type=\"text\" name=\"your-name\" \/><\/span><\/div><\/div>\n\n\t<div class=\"form-line col-lg-4 col-md-4 col-xs-12\"><div class=\"gem-form-icon-email\"><span class=\"wpcf7-form-control-wrap\" data-name=\"your-email\"><input size=\"40\" maxlength=\"400\" class=\"wpcf7-form-control wpcf7-email wpcf7-validates-as-required wpcf7-text wpcf7-validates-as-email\" aria-required=\"true\" aria-invalid=\"false\" placeholder=\"Correo electr\u00f3nico\" value=\"\" type=\"email\" name=\"your-email\" \/><\/span><\/div><\/div>\n\n\t<div class=\"form-line col-lg-4 col-md-4 col-xs-12\"><div class=\"gem-form-icon-website\"><span class=\"wpcf7-form-control-wrap\" data-name=\"your-website\"><input size=\"40\" maxlength=\"400\" class=\"wpcf7-form-control wpcf7-text\" aria-invalid=\"false\" placeholder=\"Empresa\" value=\"\" type=\"text\" name=\"your-website\" \/><\/span><\/div><\/div>\n<pre> <\/pre>\n\t<div class=\"form-line col-lg-12 col-md-12 col-xs-12\"><span class=\"wpcf7-form-control-wrap\" data-name=\"select-159\"><select class=\"wpcf7-form-control wpcf7-select\" aria-invalid=\"false\" name=\"select-159\"><option value=\"Comunicaci\u00f3n que mueve\">Comunicaci\u00f3n que mueve<\/option><option value=\"Acelerador de Impacto\">Acelerador de Impacto<\/option><option value=\"Excelencia 1 a 1\">Excelencia 1 a 1<\/option><\/select><\/span><\/div>\n<pre> <\/pre>\n\t<div class=\"form-line col-lg-12 col-md-12 col-xs-12\"><span class=\"wpcf7-form-control-wrap\" data-name=\"your-message\"><textarea cols=\"40\" rows=\"10\" maxlength=\"2000\" class=\"wpcf7-form-control wpcf7-textarea wpcf7-validates-as-required\" aria-required=\"true\" aria-invalid=\"false\" placeholder=\"Informaci\u00f3n adicional o preguntas\" name=\"your-message\"><\/textarea><\/span><\/div>\n\n\t<div class=\"col-lg-12 col-md-12 col-xs-12\"><input class=\"wpcf7-form-control wpcf7-submit has-spinner\" type=\"submit\" value=\"Env\u00eda\" \/><\/div>\n\n<\/div><div class=\"wpcf7-response-output\" aria-hidden=\"true\"><\/div>\n<\/form>\n<\/div>\n[\/vc_column][\/vc_row][vc_row][vc_column][vc_raw_html css=\u00bb\u00bb]PCEtLSBDYWxlbmRseSBiYWRnZSB3aWRnZXQgYmVnaW4gLS0+CjxsaW5rIGhyZWY9Imh0dHBzOi8vYXNzZXRzLmNhbGVuZGx5LmNvbS9hc3NldHMvZXh0ZXJuYWwvd2lkZ2V0LmNzcyIgcmVsPSJzdHlsZXNoZWV0Ij4KPHNjcmlwdCBzcmM9Imh0dHBzOi8vYXNzZXRzLmNhbGVuZGx5LmNvbS9hc3NldHMvZXh0ZXJuYWwvd2lkZ2V0LmpzIiB0eXBlPSJ0ZXh0L2phdmFzY3JpcHQiIGFzeW5jPSIiPjwvc2NyaXB0Pgo8c2NyaXB0IHR5cGU9InRleHQvamF2YXNjcmlwdCI+d2luZG93Lm9ubG9hZCA9IGZ1bmN0aW9uKCkgeyBDYWxlbmRseS5pbml0QmFkZ2VXaWRnZXQoeyB1cmw6ICdodHRwczovL2NhbGVuZGx5LmNvbS9ibG1hc3RlcnktaW5mby9mcmVlLTE1bWluLW5hYXItbm9uLXZlcmJhYWwtc3VjY2VzcycsIHRleHQ6ICdJbnRybyBub24gdmVyYmFsZSBjb21tdW5pY2F0aWUgRlJFRSBDQUxMJywgY29sb3I6ICcjZWE1NzFjJywgdGV4dENvbG9yOiAnI2ZmZmZmZicgfSk7IH08L3NjcmlwdD4KPCEtLSBDYWxlbmRseSBiYWRnZSB3aWRnZXQgZW5kIC0tPg==[\/vc_raw_html][\/vc_column][\/vc_row]<\/p>\n<\/div>","protected":false},"excerpt":{"rendered":"<p>[vc_row full_width=\u00bbstretch_row_content_no_spaces\u00bb content_placement=\u00bbmiddle\u00bb css=\u00bb.vc_custom_1740651481313{margin-top: -70px !important;margin-bottom: 0px !important;padding-top: 0px !important;padding-bottom: 0px !important;background-position: 0 0 !important;background-repeat: no-repeat !important;}\u00bb row_title=\u00bbbeginblok\u00bb][vc_column css=\u00bb.vc_custom_1548409464290{margin-top: 0px&#8230;<\/p>\n","protected":false},"author":1,"featured_media":0,"parent":0,"menu_order":0,"comment_status":"closed","ping_status":"closed","template":"","meta":{"footnotes":""},"class_list":["post-1810","page","type-page","status-publish"],"_links":{"self":[{"href":"https:\/\/www.blmastery.nl\/es\/wp-json\/wp\/v2\/pages\/1810","targetHints":{"allow":["GET"]}}],"collection":[{"href":"https:\/\/www.blmastery.nl\/es\/wp-json\/wp\/v2\/pages"}],"about":[{"href":"https:\/\/www.blmastery.nl\/es\/wp-json\/wp\/v2\/types\/page"}],"author":[{"embeddable":true,"href":"https:\/\/www.blmastery.nl\/es\/wp-json\/wp\/v2\/users\/1"}],"replies":[{"embeddable":true,"href":"https:\/\/www.blmastery.nl\/es\/wp-json\/wp\/v2\/comments?post=1810"}],"version-history":[{"count":9,"href":"https:\/\/www.blmastery.nl\/es\/wp-json\/wp\/v2\/pages\/1810\/revisions"}],"predecessor-version":[{"id":1927,"href":"https:\/\/www.blmastery.nl\/es\/wp-json\/wp\/v2\/pages\/1810\/revisions\/1927"}],"wp:attachment":[{"href":"https:\/\/www.blmastery.nl\/es\/wp-json\/wp\/v2\/media?parent=1810"}],"curies":[{"name":"wp","href":"https:\/\/api.w.org\/{rel}","templated":true}]}}