{"id":1824,"date":"2025-02-26T10:53:18","date_gmt":"2025-02-26T10:53:18","guid":{"rendered":"https:\/\/www.blmastery.nl\/acerca-de-katherin-monsalves\/"},"modified":"2025-03-13T09:55:46","modified_gmt":"2025-03-13T09:55:46","slug":"acerca-de-katherin-monsalves","status":"publish","type":"page","link":"https:\/\/www.blmastery.nl\/es\/acerca-de-katherin-monsalves\/","title":{"rendered":"Acerca de Katherin-Monsalves"},"content":{"rendered":"<div class=\"wpb-content-wrapper\"><p>[vc_row full_width=\u00bbstretch_row\u00bb content_placement=\u00bbmiddle\u00bb css=\u00bb.vc_custom_1740651881664{margin-top: -50px !important;margin-bottom: 0px !important;padding-top: 0px !important;padding-bottom: 0px !important;background-position: 0 0 !important;background-repeat: no-repeat !important;}\u00bb row_title=\u00bbbeginblok\u00bb][vc_column width=\u00bb1\/3&#8243; css=\u00bb.vc_custom_1740651628845{margin-top: 0px !important;margin-bottom: 0px !important;padding-top: 0px !important;padding-bottom: 0px !important;}\u00bb el_class=\u00bbbig-index-block\u00bb]<div id=\"fullwidth-block-69e197f54399d\" class=\"fullwidth-block clearfix\"  style=\"\"><script type=\"text\/javascript\">if (typeof(gem_fix_fullwidth_position) == \"function\") { gem_fix_fullwidth_position(document.getElementById(\"fullwidth-block-69e197f54399d\")); }<\/script><div class=\"fullwidth-block-inner\"><div class=\"container\"><div class=\"thegem-te-heading thegem-custom-69e197f543bdb5273\" ><script type=\"text\/javascript\">(function() {function TheGemHeading() {this.animateClass = 'thegem-heading-animate';this.animatedClass = 'thegem-heading-animated';}TheGemHeading.prototype = {initialize: function () {let items =document.querySelectorAll('.'+this.animateClass);items.forEach((item)=>{if (this.isElementVisible(item)) {this.prepareAnimation(item);this.startAnimation(item);}});if ('IntersectionObserver' in window) {let intersectionObserver = new IntersectionObserver((entries)=>{entries.forEach((entry)=> {if (entry.isIntersecting) {this.startAnimation(entry.target);intersectionObserver.unobserve(entry.target);}});});items.forEach((item)=>{intersectionObserver.observe(item);this.prepareAnimation(item);});} else {items.forEach((item)=>{this.prepareAnimation(item);this.startAnimation(item);});}},isElementVisible: function (element) {let rect= element.getBoundingClientRect(),width= window.innerWidth || document.documentElement.clientWidth,height = window.innerHeight || document.documentElement.clientHeight,efp= (x, y) => document.elementFromPoint(x, y);if (rect.right < 0 || rect.bottom < 0 || rect.left > width || rect.top > height) return false;return (element.contains(efp(rect.left,rect.top)) ||element.contains(efp(rect.right, rect.top)) ||element.contains(efp(rect.right, rect.bottom)) ||element.contains(efp(rect.left,rect.bottom)));},startAnimation: function (element) {if (element && !element.classList.contains(this.animatedClass)) {element.classList.add(this.animatedClass);element.classList.remove(this.animateClass);element.dispatchEvent(new Event('theGemHeading.startAnimation', {bubbles: true}));}},prepareAnimation: function (element) {if (element && !element.isPreparedAnimation) {element.dispatchEvent(new Event('theGemHeading.prepareAnimation', {bubbles: true}));element.isPreparedAnimation = true;}}};window.theGemHeading = new TheGemHeading();document.addEventListener('DOMContentLoaded', function() {window.theGemHeading.initialize();});})();<\/script><div id=\"thegem-heading-69e197f543ae1\" class=\"thegem-heading title-h2 fade-lr thegem-heading-animate\" style=\"text-align: left;\" ><span class=\"colored\" style=\"color: #000000;\">Sobre Katherin<\/span><\/div><style type=\"text\/css\">#thegem-heading-69e197f543ae1 {margin: 0;}#thegem-heading-69e197f543ae1 {animation-timing-function: cubic-bezier(0.77,0,0.175,1);}#thegem-heading-69e197f543ae1 a:hover, #thegem-heading-69e197f543ae1 a:hover span.colored {color: var(--thegem-to-menu-level1-color-hover, #00BCD4) !important;}<\/style><\/div><style>@media screen and (max-width: 1023px) {.thegem-te-heading.thegem-custom-69e197f543bdb5273{display: block!important;}}@media screen and (max-width: 767px) {.thegem-te-heading.thegem-custom-69e197f543bdb5273{display: block!important;}}@media screen and (max-width: 1023px) {.thegem-te-heading.thegem-custom-69e197f543bdb5273{position: relative !important;}}@media screen and (max-width: 767px) {.thegem-te-heading.thegem-custom-69e197f543bdb5273{position: relative !important;}}<\/style><div class=\"thegem-te-heading thegem-custom-69e197f54413d2400\" ><div id=\"thegem-heading-69e197f543ce7\" class=\"thegem-heading title-h4 letters-scale-out thegem-heading-animate\" style=\"text-align: left;\" ><span class=\"colored thegem-heading-word\" style=\"font-style: italic; color: #000000;\"><span class=\"thegem-heading-letter\" style=\"animation-delay: 230ms\">F<\/span><span class=\"thegem-heading-letter\" style=\"animation-delay: 260ms\">u<\/span><span class=\"thegem-heading-letter\" style=\"animation-delay: 290ms\">n<\/span><span class=\"thegem-heading-letter\" style=\"animation-delay: 320ms\">d<\/span><span class=\"thegem-heading-letter\" style=\"animation-delay: 350ms\">a<\/span><span class=\"thegem-heading-letter\" style=\"animation-delay: 380ms\">d<\/span><span class=\"thegem-heading-letter\" style=\"animation-delay: 410ms\">o<\/span><span class=\"thegem-heading-letter\" style=\"animation-delay: 440ms\">r<\/span><\/span> <span class=\"colored thegem-heading-word\" style=\"font-style: italic; color: #000000;\"><span class=\"thegem-heading-letter\" style=\"animation-delay: 470ms\">d<\/span><span class=\"thegem-heading-letter\" style=\"animation-delay: 500ms\">e<\/span><\/span> <span class=\"colored thegem-heading-word\" style=\"font-style: italic; color: #000000;\"><span class=\"thegem-heading-letter\" style=\"animation-delay: 530ms\">B<\/span><span class=\"thegem-heading-letter\" style=\"animation-delay: 560ms\">L<\/span><span class=\"thegem-heading-letter\" style=\"animation-delay: 590ms\">M<\/span><span class=\"thegem-heading-letter\" style=\"animation-delay: 620ms\">a<\/span><span class=\"thegem-heading-letter\" style=\"animation-delay: 650ms\">s<\/span><span class=\"thegem-heading-letter\" style=\"animation-delay: 680ms\">t<\/span><span class=\"thegem-heading-letter\" style=\"animation-delay: 710ms\">e<\/span><span class=\"thegem-heading-letter\" style=\"animation-delay: 740ms\">r<\/span><span class=\"thegem-heading-letter\" style=\"animation-delay: 770ms\">y<\/span><\/span><\/div><style type=\"text\/css\">#thegem-heading-69e197f543ce7 {margin: 0;}#thegem-heading-69e197f543ce7 {font-size: 28px;}#thegem-heading-69e197f543ce7 {line-height: 37px;}#thegem-heading-69e197f543ce7, #thegem-heading-69e197f543ce7 .light {text-transform: none;}#thegem-heading-69e197f543ce7 .light, #thegem-heading-69e197f543ce7 {font-family:Montserrat UltraLight; font-weight:400; font-style:normal; }#thegem-heading-69e197f543ce7 a:hover, #thegem-heading-69e197f543ce7 a:hover span.colored {color: var(--thegem-to-menu-level1-color-hover, #00BCD4) !important;}<\/style><\/div><style>@media screen and (max-width: 1023px) {.thegem-te-heading.thegem-custom-69e197f54413d2400{display: block!important;}}@media screen and (max-width: 767px) {.thegem-te-heading.thegem-custom-69e197f54413d2400{display: block!important;}}@media screen and (max-width: 1023px) {.thegem-te-heading.thegem-custom-69e197f54413d2400{position: relative !important;}}@media screen and (max-width: 767px) {.thegem-te-heading.thegem-custom-69e197f54413d2400{position: relative !important;}}<\/style><div class=\"clearboth\"><\/div><style>#thegem-divider-69e197f5441a7 {margin-top: 70px !important;}@media screen and (max-width: 1023px) and (min-width: 768px) {#thegem-divider-69e197f5441a7 {display: none;}}@media screen and (max-width: 767px) {#thegem-divider-69e197f5441a7 {display: none;}}<\/style><div id=\"thegem-divider-69e197f5441a7\" class=\"gem-divider  \" style=\"\" ><\/div><div class=\"clearboth\"><\/div><style>#thegem-divider-69e197f5441dd {margin-top: 50px !important;}@media screen and (max-width: 767px) {#thegem-divider-69e197f5441dd {display: none;}}<\/style><div id=\"thegem-divider-69e197f5441dd\" class=\"gem-divider  \" style=\"\" ><\/div><\/div><\/div><\/div>[\/vc_column][vc_column width=\u00bb2\/3&#8243; css=\u00bb.vc_custom_1548409458907{margin-top: 0px !important;margin-bottom: 0px !important;padding-top: 0px !important;padding-bottom: 0px !important;background-position: center !important;background-repeat: no-repeat !important;background-size: cover !important;}\u00bb]<div class=\"gem-image gem-wrapbox gem-wrapbox-style-default gem-wrapbox-position-right  thegem-custom-69e197f5442227409\"  style=\"\" ><div class=\"gem-wrapbox-inner \" ><img class=\"gem-wrapbox-element img-responsive\" src=\"https:\/\/www.blmastery.nl\/wp-content\/uploads\/2025\/02\/katherin-moldaves-1.jpg\" alt=\"\"\/><\/div><\/div>[\/vc_column][\/vc_row][vc_row][vc_column width=\u00bb1\/2&#8243;][vc_column_text css=\u00bb\u00bb]<\/p>\n<div>\n<p>Me llamo Katherin Monsalves, fundadora de BLMastery. Originaria de Chile, he pasado los \u00faltimos 15 a\u00f1os viviendo y trabajando en <b>Chile, Australia y los Pa\u00edses Bajos,<\/b> donde he participado activamente en el sector de la educaci\u00f3n como madre y profesionalmente. Como experta ling\u00fc\u00edstica en espa\u00f1ol e ingl\u00e9s, he adquirido una amplia experiencia trabajando con diversos grupos de personas y culturas. Trabajo en educaci\u00f3n MBO, donde apoyo a los estudiantes en diversos campos profesionales, como agricultura, servicios jur\u00eddicos, marketing y CIOS.<\/p>\n<\/div>\n<p>[\/vc_column_text][\/vc_column][vc_column width=\u00bb1\/2&#8243;][vc_column_text css=\u00bb\u00bb]<\/p>\n<div>\n<p>Con estos conocimientos, fund\u00e9 <b>BLMastery<\/b>. Mi objetivo es ayudar a empresas y particulares a comprender y aplicar la comunicaci\u00f3n no verbal, independientemente del sector en el que trabajen. Tanto si trabajas en educaci\u00f3n, ventas, ingenier\u00eda o cualquier otro entorno profesional, utilizar el lenguaje corporal con eficacia es esencial para mejorar la comunicaci\u00f3n, fortalecer las relaciones y aumentar la influencia.<\/p>\n<\/div>\n<p>[\/vc_column_text][\/vc_column][\/vc_row][vc_row][vc_column]<div class=\"clearboth\"><\/div><style>#thegem-divider-69e197f544a60 {margin-top: 40px !important;}<\/style><div id=\"thegem-divider-69e197f544a60\" class=\"gem-divider  \" style=\"\" ><\/div>[\/vc_column][\/vc_row][vc_row][vc_column width=\u00bb1\/2&#8243;]<div class=\"centered-box gem-image-centered-box\" ><div class=\"gem-image gem-wrapbox gem-wrapbox-style-default gem-wrapbox-position-centered  thegem-custom-69e197f544a9a4063\"  style=\"\" ><div class=\"gem-wrapbox-inner \" ><img class=\"gem-wrapbox-element img-responsive\" src=\"https:\/\/www.blmastery.nl\/wp-content\/uploads\/2025\/02\/communicatief-communiceren.jpg\" alt=\"\"\/><\/div><\/div><\/div>[\/vc_column][vc_column width=\u00bb1\/2&#8243;]<div class=\"clearboth\"><\/div><style>#thegem-divider-69e197f544f6a {margin-top: 120px !important;}@media screen and (min-width: 1024px) {#thegem-divider-69e197f544f6a {display: none;}}@media screen and (max-width: 1023px) and (min-width: 768px) {#thegem-divider-69e197f544f6a {display: none;}}<\/style><div id=\"thegem-divider-69e197f544f6a\" class=\"gem-divider  \" style=\"\" ><\/div><div class=\"clearboth\"><\/div><style>#thegem-divider-69e197f544f98 {margin-top: 50px !important;}@media screen and (max-width: 767px) {#thegem-divider-69e197f544f98 {display: none;}}<\/style><div id=\"thegem-divider-69e197f544f98\" class=\"gem-divider  \" style=\"\" ><\/div><div class=\"thegem-te-heading thegem-custom-69e197f5450bc1092\" ><div id=\"thegem-heading-69e197f545071\" class=\"thegem-heading title-h2 fade-lr thegem-heading-animate\" style=\"text-align: left;\" ><span class=\"colored\" style=\"color: #000000;\">Comunicarse eficazmente <\/span><\/div><style type=\"text\/css\">#thegem-heading-69e197f545071 {margin: 0;}#thegem-heading-69e197f545071 {animation-timing-function: cubic-bezier(0.77,0,0.175,1);}#thegem-heading-69e197f545071 a:hover, #thegem-heading-69e197f545071 a:hover span.colored {color: var(--thegem-to-menu-level1-color-hover, #00BCD4) !important;}<\/style><\/div><style>@media screen and (max-width: 1023px) {.thegem-te-heading.thegem-custom-69e197f5450bc1092{display: block!important;}}@media screen and (max-width: 767px) {.thegem-te-heading.thegem-custom-69e197f5450bc1092{display: block!important;}}@media screen and (max-width: 1023px) {.thegem-te-heading.thegem-custom-69e197f5450bc1092{position: relative !important;}}@media screen and (max-width: 767px) {.thegem-te-heading.thegem-custom-69e197f5450bc1092{position: relative !important;}}<\/style><div class=\"thegem-te-heading thegem-custom-69e197f5451ac9280\" ><div id=\"thegem-heading-69e197f545186\" class=\"thegem-heading title-h2 fade-lr thegem-heading-animate\" style=\"text-align: left;\" ><span class=\"colored\" style=\"color: #000000;\">Comienza en BLMastery<\/span><\/div><style type=\"text\/css\">#thegem-heading-69e197f545186 {margin: 0;}#thegem-heading-69e197f545186 {animation-timing-function: cubic-bezier(0.77,0,0.175,1);}#thegem-heading-69e197f545186 a:hover, #thegem-heading-69e197f545186 a:hover span.colored {color: var(--thegem-to-menu-level1-color-hover, #00BCD4) !important;}<\/style><\/div><style>@media screen and (max-width: 1023px) {.thegem-te-heading.thegem-custom-69e197f5451ac9280{display: block!important;}}@media screen and (max-width: 767px) {.thegem-te-heading.thegem-custom-69e197f5451ac9280{display: block!important;}}@media screen and (max-width: 1023px) {.thegem-te-heading.thegem-custom-69e197f5451ac9280{position: relative !important;}}@media screen and (max-width: 767px) {.thegem-te-heading.thegem-custom-69e197f5451ac9280{position: relative !important;}}<\/style>[vc_column_text css=\u00bb\u00bb]<\/p>\n<div>\n<p>En <b>BLMastery<\/b>, ofrezco formaci\u00f3n y consultor\u00eda que permiten a los profesionales perfeccionar sus habilidades de comunicaci\u00f3n. Integrando estrat\u00e9gicamente el lenguaje corporal en tus interacciones, no s\u00f3lo podr\u00e1s <b>comunicarte con mayor eficacia<\/b>, sino tambi\u00e9n establecer <b>conexiones <\/b>significativas y causar una impresi\u00f3n duradera en cualquier situaci\u00f3n empresarial.<\/p>\n<\/div>\n<p>[\/vc_column_text]<div class=\"clearboth\"><\/div><style>#thegem-divider-69e197f5451ea {margin-top: 50px !important;}@media screen and (max-width: 767px) {#thegem-divider-69e197f5451ea {display: none;}}<\/style><div id=\"thegem-divider-69e197f5451ea\" class=\"gem-divider  \" style=\"\" ><\/div>[\/vc_column][\/vc_row][vc_row][vc_column]<div class=\"clearboth\"><\/div><style>#thegem-divider-69e197f545212 {margin-top: 60px !important;}<\/style><div id=\"thegem-divider-69e197f545212\" class=\"gem-divider  \" style=\"\" ><\/div>[\/vc_column][\/vc_row][vc_row full_width=\u00bbstretch_row\u00bb css=\u00bb.vc_custom_1741250951635{margin-bottom: -170px !important;background-color: #E8E8E8 !important;}\u00bb][vc_column]<div class=\"clearboth\"><\/div><style>#thegem-divider-69e197f545236 {margin-top: 30px !important;}<\/style><div id=\"thegem-divider-69e197f545236\" class=\"gem-divider  \" style=\"\" ><\/div><div class=\"thegem-te-heading thegem-custom-69e197f5453062336\" ><div id=\"thegem-heading-69e197f5452da\" class=\"thegem-heading title-h3 fade-rl thegem-heading-animate\" style=\"text-align: center;\" ><span class=\"colored\" style=\"color: #333333;\">Descubre c\u00f3mo el lenguaje corporal puede mejorar tu comunicaci\u00f3n e influencia.<\/span><\/div><style type=\"text\/css\">#thegem-heading-69e197f5452da {margin: 0;}#thegem-heading-69e197f5452da {margin-left: auto; margin-right: auto;}#thegem-heading-69e197f5452da > * {justify-content: center;}#thegem-heading-69e197f5452da {line-height: 37px;}#thegem-heading-69e197f5452da, #thegem-heading-69e197f5452da .light {text-transform: none;}#thegem-heading-69e197f5452da {animation-timing-function: cubic-bezier(0.77,0,0.175,1);}#thegem-heading-69e197f5452da a:hover, #thegem-heading-69e197f5452da a:hover span.colored {color: var(--thegem-to-menu-level1-color-hover, #00BCD4) !important;}<\/style><\/div><style>@media screen and (max-width: 1023px) {.thegem-te-heading.thegem-custom-69e197f5453062336{display: block!important;}}@media screen and (max-width: 767px) {.thegem-te-heading.thegem-custom-69e197f5453062336{display: block!important;}}@media screen and (max-width: 1023px) {.thegem-te-heading.thegem-custom-69e197f5453062336{position: relative !important;}}@media screen and (max-width: 767px) {.thegem-te-heading.thegem-custom-69e197f5453062336{position: relative !important;}}<\/style><div class=\"thegem-te-heading thegem-custom-69e197f5453fd2404\" ><div id=\"thegem-heading-69e197f5453cc\" class=\"thegem-heading title-h4 fade-rl thegem-heading-animate\" style=\"text-align: center;\" ><span class=\"colored\" style=\"color: #333333;\">Inscr\u00edbete ya en nuestra formaci\u00f3n<\/span><\/div><style type=\"text\/css\">#thegem-heading-69e197f5453cc {margin: 0;}#thegem-heading-69e197f5453cc {margin-left: auto; margin-right: auto;}#thegem-heading-69e197f5453cc > * {justify-content: center;}#thegem-heading-69e197f5453cc {line-height: 37px;}#thegem-heading-69e197f5453cc, #thegem-heading-69e197f5453cc .light {text-transform: none;}#thegem-heading-69e197f5453cc {animation-timing-function: cubic-bezier(0.77,0,0.175,1);}#thegem-heading-69e197f5453cc a:hover, #thegem-heading-69e197f5453cc a:hover span.colored {color: var(--thegem-to-menu-level1-color-hover, #00BCD4) !important;}<\/style><\/div><style>@media screen and (max-width: 1023px) {.thegem-te-heading.thegem-custom-69e197f5453fd2404{display: block!important;}}@media screen and (max-width: 767px) {.thegem-te-heading.thegem-custom-69e197f5453fd2404{display: block!important;}}@media screen and (max-width: 1023px) {.thegem-te-heading.thegem-custom-69e197f5453fd2404{position: relative !important;}}@media screen and (max-width: 767px) {.thegem-te-heading.thegem-custom-69e197f5453fd2404{position: relative !important;}}<\/style><style type=\"text\/css\">.thegem-button-69e197f5454bf3367 .gem-button {opacity:0;animation-delay:500ms !important;animation-timing-function:cubic-bezier(0.77,0,0.175,1) !important}<\/style><style type=\"text\/css\">.thegem-button-69e197f5454bf3367 .gem-button svg {fill: #FFFFFF;}.thegem-button-69e197f5454bf3367 .gem-button:hover svg {fill: #ffffff;}<\/style><div class=\"gem-button-container gem-button-position-center thegem-button-69e197f5454bf3367     thegem-button-animate thegem-button-animation-fade-left\"  ><a title=\"Contact\" class=\"gem-button gem-button-size-small gem-button-style-flat gem-button-text-weight-thin gem-button-icon-position-left\" style=\"border-radius: 0px;background-color: #EA571C;color: #FFFFFF;\" onmouseleave=\"this.style.backgroundColor='#EA571C';this.style.color='#FFFFFF';\" onmouseenter=\"this.style.backgroundColor='#333333';this.style.color='#ffffff';\" href=\"https:\/\/www.blmastery.nl\/contact\/\" target=\"_self\"><i class=\"gem-print-icon gem-icon-pack-elegant \">&#x24;<\/i>Inscr\u00edbete<\/a><\/div> <div class=\"clearboth\"><\/div><style>#thegem-divider-69e197f545518 {margin-top: 60px !important;}<\/style><div id=\"thegem-divider-69e197f545518\" class=\"gem-divider  \" style=\"\" ><\/div>[\/vc_column][\/vc_row][vc_row][vc_column][vc_raw_html css=\u00bb\u00bb]PCEtLSBDYWxlbmRseSBiYWRnZSB3aWRnZXQgYmVnaW4gLS0+CjxsaW5rIGhyZWY9Imh0dHBzOi8vYXNzZXRzLmNhbGVuZGx5LmNvbS9hc3NldHMvZXh0ZXJuYWwvd2lkZ2V0LmNzcyIgcmVsPSJzdHlsZXNoZWV0Ij4KPHNjcmlwdCBzcmM9Imh0dHBzOi8vYXNzZXRzLmNhbGVuZGx5LmNvbS9hc3NldHMvZXh0ZXJuYWwvd2lkZ2V0LmpzIiB0eXBlPSJ0ZXh0L2phdmFzY3JpcHQiIGFzeW5jPSIiPjwvc2NyaXB0Pgo8c2NyaXB0IHR5cGU9InRleHQvamF2YXNjcmlwdCI+d2luZG93Lm9ubG9hZCA9IGZ1bmN0aW9uKCkgeyBDYWxlbmRseS5pbml0QmFkZ2VXaWRnZXQoeyB1cmw6ICdodHRwczovL2NhbGVuZGx5LmNvbS9ibG1hc3RlcnktaW5mby9mcmVlLTE1bWluLW5hYXItbm9uLXZlcmJhYWwtc3VjY2VzcycsIHRleHQ6ICdJbnRybyBub24gdmVyYmFsZSBjb21tdW5pY2F0aWUgRlJFRSBDQUxMJywgY29sb3I6ICcjZWE1NzFjJywgdGV4dENvbG9yOiAnI2ZmZmZmZicgfSk7IH08L3NjcmlwdD4KPCEtLSBDYWxlbmRseSBiYWRnZSB3aWRnZXQgZW5kIC0tPg==[\/vc_raw_html][\/vc_column][\/vc_row]<\/p>\n<\/div>","protected":false},"excerpt":{"rendered":"<p>[vc_row full_width=\u00bbstretch_row\u00bb content_placement=\u00bbmiddle\u00bb css=\u00bb.vc_custom_1740651881664{margin-top: -50px !important;margin-bottom: 0px !important;padding-top: 0px !important;padding-bottom: 0px !important;background-position: 0 0 !important;background-repeat: no-repeat !important;}\u00bb row_title=\u00bbbeginblok\u00bb][vc_column width=\u00bb1\/3&#8243; css=\u00bb.vc_custom_1740651628845{margin-top:&#8230;<\/p>\n","protected":false},"author":1,"featured_media":0,"parent":0,"menu_order":0,"comment_status":"closed","ping_status":"closed","template":"","meta":{"footnotes":""},"class_list":["post-1824","page","type-page","status-publish"],"_links":{"self":[{"href":"https:\/\/www.blmastery.nl\/es\/wp-json\/wp\/v2\/pages\/1824","targetHints":{"allow":["GET"]}}],"collection":[{"href":"https:\/\/www.blmastery.nl\/es\/wp-json\/wp\/v2\/pages"}],"about":[{"href":"https:\/\/www.blmastery.nl\/es\/wp-json\/wp\/v2\/types\/page"}],"author":[{"embeddable":true,"href":"https:\/\/www.blmastery.nl\/es\/wp-json\/wp\/v2\/users\/1"}],"replies":[{"embeddable":true,"href":"https:\/\/www.blmastery.nl\/es\/wp-json\/wp\/v2\/comments?post=1824"}],"version-history":[{"count":7,"href":"https:\/\/www.blmastery.nl\/es\/wp-json\/wp\/v2\/pages\/1824\/revisions"}],"predecessor-version":[{"id":1952,"href":"https:\/\/www.blmastery.nl\/es\/wp-json\/wp\/v2\/pages\/1824\/revisions\/1952"}],"wp:attachment":[{"href":"https:\/\/www.blmastery.nl\/es\/wp-json\/wp\/v2\/media?parent=1824"}],"curies":[{"name":"wp","href":"https:\/\/api.w.org\/{rel}","templated":true}]}}